{"id":2,"date":"2022-04-21T12:50:31","date_gmt":"2022-04-21T10:50:31","guid":{"rendered":"http:\/\/finsite.pl\/?page_id=2"},"modified":"2022-08-04T16:10:37","modified_gmt":"2022-08-04T14:10:37","slug":"o-mnie","status":"publish","type":"page","link":"https:\/\/finsite.pl\/index.php\/o-mnie\/","title":{"rendered":"O mnie"},"content":{"rendered":"\n<figure class=\"wp-block-image size-large\"><img decoding=\"async\" loading=\"lazy\" width=\"1024\" height=\"1019\" src=\"https:\/\/finsite.pl\/wp-content\/uploads\/2022\/08\/Profilowe_wykadrowane-1-1024x1019.png\" alt=\"\" class=\"wp-image-833\" srcset=\"https:\/\/finsite.pl\/wp-content\/uploads\/2022\/08\/Profilowe_wykadrowane-1-1024x1019.png 1024w, https:\/\/finsite.pl\/wp-content\/uploads\/2022\/08\/Profilowe_wykadrowane-1-300x300.png 300w, https:\/\/finsite.pl\/wp-content\/uploads\/2022\/08\/Profilowe_wykadrowane-1-150x150.png 150w, https:\/\/finsite.pl\/wp-content\/uploads\/2022\/08\/Profilowe_wykadrowane-1-768x764.png 768w, https:\/\/finsite.pl\/wp-content\/uploads\/2022\/08\/Profilowe_wykadrowane-1-1536x1528.png 1536w, https:\/\/finsite.pl\/wp-content\/uploads\/2022\/08\/Profilowe_wykadrowane-1-1568x1560.png 1568w, https:\/\/finsite.pl\/wp-content\/uploads\/2022\/08\/Profilowe_wykadrowane-1.png 1617w\" sizes=\"(max-width: 1024px) 100vw, 1024px\" \/><figcaption>Foto: Ma\u0142gorzata Lipiec<\/figcaption><\/figure>\n\n\n\n<p>Nazywam si\u0119 Piotr Zaj\u0105c. Jestem maklerem papier\u00f3w warto\u015bciowych (nr licencji 3301). Od 2011 r. wsp\u00f3\u0142pracuj\u0119 z Gazet\u0105 Gie\u0142dy Parkiet: do 2021 r. jako etatowy dziennikarz i analityk, a obecnie jako autor cotygodniowej kolumny &#8222;Byki i nied\u017awiedzie&#8221;. Rynkami finansowymi interesuj\u0119 si\u0119 od czas\u00f3w liceum, a dok\u0142adnie od momentu, gdy w moje r\u0119ce trafi\u0142o pierwsze wydanie &#8222;Sztuki spekulacji&#8221; Zenona Komara. Znalaz\u0142em je na p\u00f3\u0142ce u ojca, kt\u00f3ry w latach 90. pr\u00f3bowa\u0142 swoich si\u0142 na GPW. Do dzi\u015b pami\u0119tam niekt\u00f3re z zamieszczonych tam cytat\u00f3w otwieraj\u0105cych rozdzia\u0142y, jak na przyk\u0142ad ten m\u00f3wi\u0105cy, \u017ce &#8222;t\u0142um ma wiele g\u0142\u00f3w, ale nie ma m\u00f3zgu&#8221;.<\/p>\n\n\n\n<p>Grub\u0105 przesad\u0105 by\u0142oby stwierdzenie, \u017ce jedna ksi\u0105\u017cka wskaza\u0142a mi drog\u0119 zawodow\u0105, ale z pewno\u015bci\u0105 to wczesne zainteresowanie gie\u0142d\u0105 mia\u0142o sw\u00f3j wp\u0142yw na p\u00f3\u017aniejsze wybory. Studiowa\u0142em bowiem ekonomi\u0119 na Uniwersytecie Warszawskim, a w trakcie pierwszych lat studi\u00f3w zd\u0105\u017cy\u0142em zarobi\u0107 pierwsze &#8222;fajne&#8221; pieni\u0105dze na kontraktach terminowych na WIG20, a p\u00f3\u017aniej niemal wszystkie je straci\u0107 na tym samym instrumencie. Lubi\u0142em te futuresy. Prac\u0119 magistersk\u0105 napisa\u0142em o tym, jak zachowuje si\u0119 zmienno\u015b\u0107 tego typu instrument\u00f3w w miar\u0119 zbli\u017cania si\u0119 terminu wygasania. Prac\u0119 obroni\u0142em, \u017ceby nie by\u0142o&#8230;<\/p>\n\n\n\n<p>Po studiach pr\u00f3bowa\u0142em si\u0142 w bankach i funduszach, ale ostatecznie najbardziej spodoba\u0142o mi si\u0119 w Parkiecie. Analizy, wywiady, telewizja, konferencje&#8230; Ca\u0142y czas blisko rynku, z dost\u0119pem do ciekawych i barwnych osobisto\u015bci szeroko poj\u0119tego \u015bwiata finans\u00f3w. Po dekadzie pracy dziennikarskiej postanowi\u0142em dzia\u0142a\u0107 na w\u0142asnych zasadach i tak powsta\u0142a strona finsite.pl.<\/p>\n\n\n\n<p>Chc\u0119 tutaj opowiada\u0107 o rynkach tak, jak lubi\u0119, czyli liczbami. Na warszawskiej gie\u0142dzie jest blisko 1000 sp\u00f3\u0142ek, a na ich wykresach codziennie co\u015b si\u0119 dzieje. W wi\u0119kszo\u015bci przypadk\u00f3w to ma\u0142o znacz\u0105cy szum informacyjny, w kt\u00f3rym \u0142atwo przeoczy\u0107 jak\u0105\u015b istotn\u0105 zmian\u0119, kt\u00f3ra mo\u017ce zapowiada\u0107 kolejn\u0105. Dlatego codziennie filtruj\u0119 rynkowe dane pod k\u0105tem r\u00f3\u017cnych kryteri\u00f3w statystycznych i publikuj\u0119 w formie tabel. Liczby, w przeciwie\u0144stwie do interpretacji, m\u00f3wi\u0105 jak jest, a nie jak si\u0119 wydaje. Na stronie znajdziecie te\u017c podcasty i wywiady video. W tych pierwszych kr\u00f3tko podsumowuj\u0119 najwa\u017cniejsze wydarzenia rynkowe dnia, a w drugich rozmawiam z tymi, kt\u00f3rych warto pos\u0142ucha\u0107. Od czas do czasu pojawia\u0107 si\u0119 b\u0119d\u0105 te\u017c d\u0142u\u017csze formy tekstowe, po\u015bwi\u0119cone inwestycyjnym ciekawostkom i nie tylko.<\/p>\n\n\n\n<p>Oczywi\u015bcie nie samymi rynkami cz\u0142owiek \u017cyje. Prywatnie lubi\u0119 motocykle i gr\u0119 na djembe. W planach mam przej\u015bcie Orlej Perci.<\/p>\n\n\n\n<figure class=\"wp-block-image size-large tw-lg-hidden\"><img decoding=\"async\" loading=\"lazy\" width=\"1024\" height=\"640\" src=\"http:\/\/finsite.pl\/wp-content\/uploads\/2022\/07\/Finsite_fotyBio2-1024x640.png\" alt=\"\" class=\"wp-image-660\" srcset=\"https:\/\/finsite.pl\/wp-content\/uploads\/2022\/07\/Finsite_fotyBio2-1024x640.png 1024w, https:\/\/finsite.pl\/wp-content\/uploads\/2022\/07\/Finsite_fotyBio2-300x188.png 300w, https:\/\/finsite.pl\/wp-content\/uploads\/2022\/07\/Finsite_fotyBio2-768x480.png 768w, https:\/\/finsite.pl\/wp-content\/uploads\/2022\/07\/Finsite_fotyBio2-1536x961.png 1536w, https:\/\/finsite.pl\/wp-content\/uploads\/2022\/07\/Finsite_fotyBio2-1568x981.png 1568w, https:\/\/finsite.pl\/wp-content\/uploads\/2022\/07\/Finsite_fotyBio2.png 1727w\" sizes=\"(max-width: 1024px) 100vw, 1024px\" \/><\/figure>\n\n\n\n<figure class=\"wp-block-image size-large tw-sm-hidden\"><a href=\"https:\/\/finsite.pl\/wp-content\/uploads\/2022\/08\/Finsite_fotyBio2.png\" rel=\"wpdevart_lightbox\"><img decoding=\"async\" loading=\"lazy\" width=\"1024\" height=\"640\" src=\"https:\/\/finsite.pl\/wp-content\/uploads\/2022\/08\/Finsite_fotyBio2-1024x640.png\" alt=\"\" class=\"wp-image-966\" srcset=\"https:\/\/finsite.pl\/wp-content\/uploads\/2022\/08\/Finsite_fotyBio2-1024x640.png 1024w, https:\/\/finsite.pl\/wp-content\/uploads\/2022\/08\/Finsite_fotyBio2-300x188.png 300w, https:\/\/finsite.pl\/wp-content\/uploads\/2022\/08\/Finsite_fotyBio2-768x480.png 768w, https:\/\/finsite.pl\/wp-content\/uploads\/2022\/08\/Finsite_fotyBio2-1536x961.png 1536w, https:\/\/finsite.pl\/wp-content\/uploads\/2022\/08\/Finsite_fotyBio2-1568x981.png 1568w, https:\/\/finsite.pl\/wp-content\/uploads\/2022\/08\/Finsite_fotyBio2.png 1727w\" sizes=\"(max-width: 1024px) 100vw, 1024px\" \/><\/a><\/figure>\n","protected":false},"excerpt":{"rendered":"<p>Nazywam si\u0119 Piotr Zaj\u0105c. Jestem maklerem papier\u00f3w warto\u015bciowych (nr licencji 3301). Od 2011 r. wsp\u00f3\u0142pracuj\u0119 z Gazet\u0105 Gie\u0142dy Parkiet: do 2021 r. jako etatowy dziennikarz i analityk, a obecnie jako autor cotygodniowej kolumny &#8222;Byki i nied\u017awiedzie&#8221;. Rynkami finansowymi interesuj\u0119 si\u0119 od czas\u00f3w liceum, a dok\u0142adnie od momentu, gdy w moje r\u0119ce trafi\u0142o pierwsze wydanie &#8222;Sztuki&hellip; <a class=\"more-link\" href=\"https:\/\/finsite.pl\/index.php\/o-mnie\/\">Czytaj dalej <span class=\"screen-reader-text\">O mnie<\/span><\/a><\/p>\n","protected":false},"author":1,"featured_media":0,"parent":0,"menu_order":0,"comment_status":"closed","ping_status":"closed","template":"","meta":{"inline_featured_image":false},"acf":[],"_links":{"self":[{"href":"https:\/\/finsite.pl\/index.php\/wp-json\/wp\/v2\/pages\/2"}],"collection":[{"href":"https:\/\/finsite.pl\/index.php\/wp-json\/wp\/v2\/pages"}],"about":[{"href":"https:\/\/finsite.pl\/index.php\/wp-json\/wp\/v2\/types\/page"}],"author":[{"embeddable":true,"href":"https:\/\/finsite.pl\/index.php\/wp-json\/wp\/v2\/users\/1"}],"replies":[{"embeddable":true,"href":"https:\/\/finsite.pl\/index.php\/wp-json\/wp\/v2\/comments?post=2"}],"version-history":[{"count":33,"href":"https:\/\/finsite.pl\/index.php\/wp-json\/wp\/v2\/pages\/2\/revisions"}],"predecessor-version":[{"id":973,"href":"https:\/\/finsite.pl\/index.php\/wp-json\/wp\/v2\/pages\/2\/revisions\/973"}],"wp:attachment":[{"href":"https:\/\/finsite.pl\/index.php\/wp-json\/wp\/v2\/media?parent=2"}],"curies":[{"name":"wp","href":"https:\/\/api.w.org\/{rel}","templated":true}]}}