{"id":481,"date":"2022-07-05T11:57:35","date_gmt":"2022-07-05T09:57:35","guid":{"rendered":"https:\/\/finsite.pl\/?page_id=481"},"modified":"2022-07-11T13:55:18","modified_gmt":"2022-07-11T11:55:18","slug":"zastrzezenie","status":"publish","type":"page","link":"https:\/\/finsite.pl\/index.php\/zastrzezenie\/","title":{"rendered":"Zastrze\u017cenie"},"content":{"rendered":"\n<p>Wszystkie tre\u015bci przedstawione na stronie <a href=\"https:\/\/finsite.pl\">finsite.pl<\/a> stanowi\u0105 prywatne opinie autora i nie stanowi\u0105 rekomendacji inwestycyjnej ani informacji rekomenduj\u0105cej lub sugeruj\u0105cej strategi\u0119 inwestycyjn\u0105 w rozumieniu obowi\u0105zuj\u0105cych przepis\u00f3w prawa, w tym: Rozporz\u0105dzenia Parlamentu Europejskiego i Rady (UE) nr 596\/2014 z dnia 16 kwietnia 2014 r. w sprawie nadu\u017cy\u0107 na rynku oraz Rozporz\u0105dzenia Ministra Finans\u00f3w z dnia 19 pa\u017adziernika 2005 r. (Dz. U. z 2005 r. Nr 206, poz. 1715).<\/p>\n\n\n\n<p>Publikowane materia\u0142y s\u0105 opracowywane z najwy\u017csz\u0105 staranno\u015bci\u0105 zgodnie z wiedz\u0105 dost\u0119pn\u0105 autorowi. Autor nie ponosi jednak \u017cadnej odpowiedzialno\u015bci za ewentualne decyzje inwestycyjne podejmowane na podstawie publikowanych tu tre\u015bci.<\/p>\n","protected":false},"excerpt":{"rendered":"<p>Wszystkie tre\u015bci przedstawione na stronie finsite.pl stanowi\u0105 prywatne opinie autora i nie stanowi\u0105 rekomendacji inwestycyjnej ani informacji rekomenduj\u0105cej lub sugeruj\u0105cej strategi\u0119 inwestycyjn\u0105 w rozumieniu obowi\u0105zuj\u0105cych przepis\u00f3w prawa, w tym: Rozporz\u0105dzenia Parlamentu Europejskiego i Rady (UE) nr 596\/2014 z dnia 16 kwietnia 2014 r. w sprawie nadu\u017cy\u0107 na rynku oraz Rozporz\u0105dzenia Ministra Finans\u00f3w z dnia 19&hellip; <a class=\"more-link\" href=\"https:\/\/finsite.pl\/index.php\/zastrzezenie\/\">Czytaj dalej <span class=\"screen-reader-text\">Zastrze\u017cenie<\/span><\/a><\/p>\n","protected":false},"author":1,"featured_media":0,"parent":0,"menu_order":0,"comment_status":"closed","ping_status":"closed","template":"","meta":{"inline_featured_image":false},"acf":[],"_links":{"self":[{"href":"https:\/\/finsite.pl\/index.php\/wp-json\/wp\/v2\/pages\/481"}],"collection":[{"href":"https:\/\/finsite.pl\/index.php\/wp-json\/wp\/v2\/pages"}],"about":[{"href":"https:\/\/finsite.pl\/index.php\/wp-json\/wp\/v2\/types\/page"}],"author":[{"embeddable":true,"href":"https:\/\/finsite.pl\/index.php\/wp-json\/wp\/v2\/users\/1"}],"replies":[{"embeddable":true,"href":"https:\/\/finsite.pl\/index.php\/wp-json\/wp\/v2\/comments?post=481"}],"version-history":[{"count":2,"href":"https:\/\/finsite.pl\/index.php\/wp-json\/wp\/v2\/pages\/481\/revisions"}],"predecessor-version":[{"id":564,"href":"https:\/\/finsite.pl\/index.php\/wp-json\/wp\/v2\/pages\/481\/revisions\/564"}],"wp:attachment":[{"href":"https:\/\/finsite.pl\/index.php\/wp-json\/wp\/v2\/media?parent=481"}],"curies":[{"name":"wp","href":"https:\/\/api.w.org\/{rel}","templated":true}]}}